{"id":58,"date":"2024-10-30T19:44:42","date_gmt":"2024-10-30T19:44:42","guid":{"rendered":"https:\/\/saitexpro.com\/?post_type=product&#038;p=58"},"modified":"2024-10-30T19:44:42","modified_gmt":"2024-10-30T19:44:42","slug":"cover-guard","status":"publish","type":"product","link":"https:\/\/saitexpro.com\/?product=cover-guard","title":{"rendered":"Cover guard"},"content":{"rendered":"<p>Chaussure de s\u00e9curit\u00e9 haute qualit\u00e9<\/p>\n","protected":false},"excerpt":{"rendered":"<p>COVERD GAUARD CHAUSSURE<\/p>\n","protected":false},"featured_media":59,"comment_status":"open","ping_status":"closed","template":"","meta":[],"product_cat":[16],"product_tag":[],"class_list":{"0":"post-58","1":"product","2":"type-product","3":"status-publish","4":"has-post-thumbnail","6":"product_cat-habillement-de-travail","8":"first","9":"instock","10":"sale","11":"shipping-taxable","12":"purchasable","13":"product-type-simple"},"jetpack_sharing_enabled":true,"_links":{"self":[{"href":"https:\/\/saitexpro.com\/index.php?rest_route=\/wp\/v2\/product\/58"}],"collection":[{"href":"https:\/\/saitexpro.com\/index.php?rest_route=\/wp\/v2\/product"}],"about":[{"href":"https:\/\/saitexpro.com\/index.php?rest_route=\/wp\/v2\/types\/product"}],"replies":[{"embeddable":true,"href":"https:\/\/saitexpro.com\/index.php?rest_route=%2Fwp%2Fv2%2Fcomments&post=58"}],"wp:featuredmedia":[{"embeddable":true,"href":"https:\/\/saitexpro.com\/index.php?rest_route=\/wp\/v2\/media\/59"}],"wp:attachment":[{"href":"https:\/\/saitexpro.com\/index.php?rest_route=%2Fwp%2Fv2%2Fmedia&parent=58"}],"wp:term":[{"taxonomy":"product_cat","embeddable":true,"href":"https:\/\/saitexpro.com\/index.php?rest_route=%2Fwp%2Fv2%2Fproduct_cat&post=58"},{"taxonomy":"product_tag","embeddable":true,"href":"https:\/\/saitexpro.com\/index.php?rest_route=%2Fwp%2Fv2%2Fproduct_tag&post=58"}],"curies":[{"name":"wp","href":"https:\/\/api.w.org\/{rel}","templated":true}]}}